{"id":25,"date":"2020-01-03T13:06:31","date_gmt":"2020-01-03T13:06:31","guid":{"rendered":"https:\/\/tennis-grebenstein.de\/?page_id=25"},"modified":"2020-01-08T07:34:03","modified_gmt":"2020-01-08T07:34:03","slug":"platzpflege","status":"publish","type":"page","link":"https:\/\/tennis-grebenstein.de\/?page_id=25","title":{"rendered":"Platzpflege"},"content":{"rendered":"<div class=\"\" style=\"\" >\n    \n    <section class=\"u-clearfix u-image u-section-2\" id=\"sec-cbc8\">\n      <div class=\"u-clearfix u-sheet u-sheet-1\">\n        <div class=\"u-container-style u-group u-white u-group-1\">\n          <div class=\"u-container-layout u-valign-bottom u-container-layout-1\">\n            <h2 class=\"u-align-center u-text u-text-1\">Regeln f\u00fcr die Platznutzung<\/h2>\n            <p class=\"u-align-center u-text u-text-2\">Auf perfekt hergerichteten Pl\u00e4tzen zu spielen, ist f\u00fcr jeden Tennisspieler ein Vergn\u00fcgen.\n                        \n              <br>Jedes aktive Vereinsmitglied ist deshalb f\u00fcr die Pflege und den Erhalt der Pl\u00e4tze mit verantwortlich!\n                        \n              <br>\n              <br>Regel 1: Immer Tennisschuhe\n                        \n              <br> Bitte betretet die Tennispl\u00e4tze ausschlie\u00dflich mit Tennisschuhen. Sie schonen als Einzige mit ihrem Profil die Pl\u00e4tze. Sportschuhe mit anderem Profil sind nicht geeignet.\n              <br>\n              <br>Regel 2: Nie auf trockenem Platz\n                        \n              <br> Bei trockenem Boden solltet ihr den gesamten Platz untergrundtief bew\u00e4ssern. (Hier bietet sich zuerst die Beregnungsanlage an) Sind schon einige Stellen dunkelrot oder steht dort schon Wasser, werden mit dem Schlauch nur die\n                        restlichen Fl\u00e4chen gezielt gew\u00e4ssert. Beim Spiel auf zu trockenem Boden l\u00f6st sich das Ziegelmehl und es kommt keine Bindung mehr zu Stande. Wasser ist unser Bindemittel! (wie beim Formen von Kuchen im Sandkasten)\n                        \n              <br>\n              <br>Regel 3: Immer sauber\n                        \n              <br> Vor dem Spiel bitte den Tennisplatz von Bl\u00e4ttern und sonstigem Unrat befreien. Vermischt sich der Unrat mit dem Ziegelmehl erh\u00e4lt der Platz nicht seine gew\u00fcnschte Festigkeit.\n                        \n              <br>\n              <br>Regel 4: L\u00f6cher immer beseitigen\n                        \n              <br> Beim Spielen kommt es immer wieder vor, dass L\u00f6cher entstehen. Bitte tretet sie sofort mit den Schuhen \u2013 entgegen des Aushubs \u2013 wieder zu. Sollten gr\u00f6\u00dfere Unebenheiten entstanden sein, steht euch das Planierholz (Scharrier)\n                        zur Verf\u00fcgung. Bitte vorsichtig einsetzen.\n                        \n              <br> Sollten Linien untersp\u00fclt oder hochstehen bitte den Vorstand verst\u00e4ndigen. (nicht mehr weiter auf dem Platz spielen)\n                        \n              <br>\n              <br>Regel 5: Pl\u00e4tze abziehen\n                        \n              <br> Nach jedem Spiel die Pl\u00e4tze mit dem Schleppnetz abziehen. Beachte: Es gilt die gesamte Platzfl\u00e4che! Beginne immer am \u00e4u\u00dfersten Rand. Unterschiedliche Muster sind m\u00f6glich. Entscheidend, dass das lose Material vom Rand auf die\n                        Innenfl\u00e4che transportiert wird.\n                        \n              <br> Die Linien sind abschlie\u00dfend mit dem Linienbesen zu s\u00e4ubern, damit bei der n\u00e4chsten Beregnung die Linie frei ist!!! Gebrauchte Ger\u00e4te sind selbstverst\u00e4ndlich wieder an ihre Halterung zu bringen.&nbsp;\n              <br>\n            <\/p>\n          <\/div>\n        <\/div>\n      <\/div>\n    <\/section>\n    \n\n    \n  \n<\/div>","protected":false},"excerpt":{"rendered":"<p>Regeln f\u00fcr die Platznutzung Auf perfekt hergerichteten Pl\u00e4tzen zu spielen, ist f\u00fcr jeden Tennisspieler ein Vergn\u00fcgen. Jedes aktive Vereinsmitglied ist deshalb f\u00fcr die Pflege und den Erhalt der Pl\u00e4tze mit verantwortlich! Regel 1: Immer Tennisschuhe Bitte betretet die Tennispl\u00e4tze ausschlie\u00dflich mit Tennisschuhen. Sie schonen als Einzige mit ihrem Profil die Pl\u00e4tze. Sportschuhe mit anderem Profil &hellip; <a href=\"https:\/\/tennis-grebenstein.de\/?page_id=25\" class=\"more-link\">Continue reading<span class=\"screen-reader-text\"> &#8222;Platzpflege&#8220;<\/span><\/a><\/p>\n","protected":false},"author":1,"featured_media":0,"parent":0,"menu_order":5,"comment_status":"closed","ping_status":"closed","template":"","meta":{"footnotes":""},"class_list":["post-25","page","type-page","status-publish","hentry"],"_links":{"self":[{"href":"https:\/\/tennis-grebenstein.de\/index.php?rest_route=\/wp\/v2\/pages\/25","targetHints":{"allow":["GET"]}}],"collection":[{"href":"https:\/\/tennis-grebenstein.de\/index.php?rest_route=\/wp\/v2\/pages"}],"about":[{"href":"https:\/\/tennis-grebenstein.de\/index.php?rest_route=\/wp\/v2\/types\/page"}],"author":[{"embeddable":true,"href":"https:\/\/tennis-grebenstein.de\/index.php?rest_route=\/wp\/v2\/users\/1"}],"replies":[{"embeddable":true,"href":"https:\/\/tennis-grebenstein.de\/index.php?rest_route=%2Fwp%2Fv2%2Fcomments&post=25"}],"version-history":[{"count":2,"href":"https:\/\/tennis-grebenstein.de\/index.php?rest_route=\/wp\/v2\/pages\/25\/revisions"}],"predecessor-version":[{"id":58,"href":"https:\/\/tennis-grebenstein.de\/index.php?rest_route=\/wp\/v2\/pages\/25\/revisions\/58"}],"wp:attachment":[{"href":"https:\/\/tennis-grebenstein.de\/index.php?rest_route=%2Fwp%2Fv2%2Fmedia&parent=25"}],"curies":[{"name":"wp","href":"https:\/\/api.w.org\/{rel}","templated":true}]}}